{"id":1034,"date":"2025-11-12T16:21:56","date_gmt":"2025-11-12T15:21:56","guid":{"rendered":"https:\/\/dev.mafael.com\/?page_id=1034"},"modified":"2025-11-28T11:43:52","modified_gmt":"2025-11-28T10:43:52","slug":"mentions-legales","status":"publish","type":"page","link":"https:\/\/mafael.com\/index.php\/mentions-legales\/","title":{"rendered":"Mentions l\u00e9gales"},"content":{"rendered":"\t\t<div data-elementor-type=\"wp-page\" data-elementor-id=\"1034\" class=\"elementor elementor-1034\" data-elementor-post-type=\"page\">\n\t\t\t\t<div class=\"elementor-element elementor-element-3fba1fb9 e-flex e-con-boxed e-con e-parent\" data-id=\"3fba1fb9\" data-element_type=\"container\" data-e-type=\"container\">\n\t\t\t\t\t<div class=\"e-con-inner\">\n\t\t\t\t<div class=\"elementor-element elementor-element-54fdd341 elementor-widget elementor-widget-text-editor\" data-id=\"54fdd341\" data-element_type=\"widget\" data-e-type=\"widget\" data-widget_type=\"text-editor.default\">\n\t\t\t\t\t\t\t\t\t\n<p><strong>IDENTIT\u00c9<\/strong><br \/>MAFAEL, petits espaces, grandes id\u00e9es<br \/><br \/><strong>ADRESSE<\/strong><br \/>Ce site est la propri\u00e9t\u00e9 de ESPACE LOGGIA EXPANSION au capital de 129 944 euros, inscrite au registre du commerce et des soci\u00e9t\u00e9s de Paris sous le num\u00e9ro 388 744 914 R.C.S Paris, est le responsable du traitement des donn\u00e9es collect\u00e9es sur le Site de mafael.com<br \/>ESPACE LOGGIA EXPANSION SAS<br \/>si\u00e8ge social : 92 Rue du Bac, 75 007 Paris<br \/>T\u00e9l\u00e9phone : 02 52 65 02 87<br \/>E-mail : contact@mafael.fr<br \/>RCS Paris : 388 744 914<br \/>N\u00b0 Tva intracommunautaire FR68388744914<br \/><br \/><strong>H\u00c9BERGEUR<\/strong><br \/>GSI Network SAS<br \/>104 Cours du M\u00e9doc<br \/>33300 Bordeaux<br \/>France<br \/><br \/><strong>DIRECTEUR DE LA PUBLICATION<\/strong><br \/>MAFAEL, Responsable Communication.<br \/><br \/><strong>INFORMATIONS TECHNIQUES<\/strong><br \/><br \/>Il est rappel\u00e9 que le secret des correspondances n\u2019est pas garanti sur le r\u00e9seau Internet et qu\u2019il appartient \u00e0 chaque utilisateur de prendre toutes les mesures appropri\u00e9es de fa\u00e7on \u00e0 prot\u00e9ger ses propres donn\u00e9es et\/ou logiciels de la contamination d\u2019\u00e9ventuels virus circulant sur Internet.<br \/><br \/><strong>DROITS D\u2019AUTEURS<\/strong><br \/><br \/>Les droits de propri\u00e9t\u00e9 intellectuelle sur les documents contenus dans le site et chacun des \u00e9l\u00e9ments cr\u00e9\u00e9s pour ce site sont la propri\u00e9t\u00e9 exclusive de MAFAEL. La reproduction de tous documents publi\u00e9s sur le site est seulement autoris\u00e9e aux fins exclusives d\u2019information pour un usage personnel et priv\u00e9, toute reproduction et toute utilisation de copies r\u00e9alis\u00e9es \u00e0 d\u2019autres fins est express\u00e9ment interdite et constitue sans autorisation de l\u2019\u00e9diteur une contrefa\u00e7on.<br \/><br \/><strong>DONN\u00c9ES PERSONNELLES<\/strong><br \/><br \/>L\u2019utilisateur est notamment inform\u00e9 que conform\u00e9ment \u00e0 l\u2019article 32 de la loi Informatique et libert\u00e9s du 6 janvier 1978 modifi\u00e9e, les informations qu\u2019il communique par les formulaires pr\u00e9sents sur le Site mafael.com sont n\u00e9cessaires pour r\u00e9pondre \u00e0 sa demande et sont destin\u00e9es aux services en charge de r\u00e9pondre \u00e0 sa demande \u00e0 des fins de suivi de cette demande.<br \/><br \/>Conform\u00e9ment aux dispositions des articles 39 et 40 (modifi\u00e9 par la LOI n\u00b02018-493 du 20 juin 2018 \u2013 art. 34) de la loi \u00ab Informatique et Libert\u00e9s \u00bb du 6 janvier 1978, l\u2019utilisateur b\u00e9n\u00e9ficie d\u2019un droit d\u2019acc\u00e8s, de rectification, de mise \u00e0 jour, de limitation de traitement, d\u2019effacement de portabilit\u00e9 et d\u2019opposition des informations qui le concernent. Pour l\u2019exercer, adressez-vous au responsable de traitement, en joignant \u00e0 votre demande une copie de votre carte d\u2019identit\u00e9 ou de votre passeport :<br \/><br \/>\u00a0\u00a0\u00a0 Par email : contact@mafael.fr<\/p>\n\n<p>\u00a0\u00a0 Via le formulaire \u00ab\u00a0contactez-nous\u00a0\u00bb sur le site mafael.com, en \u00e9crivant au service client<br \/><br \/>\u00a0\u00a0\u00a0 Par courrier postal \u00e0 l\u2019adresse suivante en pr\u00e9cisant dans l\u2019objet du courrier \u00ab Droit des personnes \u00bb :<br \/><br \/>MAFAEL<br \/>21 rue Auber, 75009 Paris \u2013 France<br \/><br \/>Vous b\u00e9n\u00e9ficiez \u00e9galement du droit de donner des directives sur le sort de vos donn\u00e9es apr\u00e8s votre d\u00e9c\u00e8s.<br \/><br \/>Conform\u00e9ment aux dispositions de l\u2019article 38 de la loi \u00ab Informatique et Libert\u00e9s \u00bb du 6 janvier 1978 modifi\u00e9e par la loi du 20 juin 2018, l\u2019utilisateur peut \u00e9galement s\u2019opposer, pour des motifs l\u00e9gitimes \u00e0 ce que ses donn\u00e9es fassent l\u2019objet d\u2019un traitement et sans motif et sans frais, \u00e0 ce que ses donn\u00e9es soient utilis\u00e9es \u00e0 des fins de prospection commerciale.<br \/><br \/><strong>LES LIENS<\/strong><br \/><br \/>Dans l\u2019esprit d\u2019Internet, les liens propos\u00e9s vers d\u2019autres sites sont communiqu\u00e9s \u00e0 titre indicatif et ne sauraient engager la responsabilit\u00e9 de MAFAEL, tant en ce qui concerne les contenus que les conditions d\u2019acc\u00e8s. Si les responsables d\u2019un site \u00a0\u00bb cible \u00a0\u00bb souhaitent modifier leur mode de pr\u00e9sence sur le pr\u00e9sent site, ils peuvent en faire la demande par mail \u00e0 l\u2019adresse suivante : contact@mafael.fr<br \/><br \/>A l\u2019inverse, l\u2019\u00e9tablissement de liens vers une ou plusieurs page(s) du pr\u00e9sent site est autoris\u00e9 sous la condition que cette ou ces page(s) apparaisse(nt) dans une page enti\u00e8re sous l\u2019URL www.mafael.com.<br \/><br \/><strong>COOKIES<\/strong><br \/><br \/>Chaque internaute est inform\u00e9 que lors de ses visites sur le site mafael.com, des cookies peuvent s\u2019installer automatiquement sur son logiciel de navigation. Les informations recueillies sur ce site seront conserv\u00e9es pendant une dur\u00e9e de trois ans.<br \/><br \/>Les cookies sont des blocs de donn\u00e9es qui ne permettent pas d\u2019identifier l\u2019internaute mais servent \u00e0 enregistrer des informations relatives \u00e0 la navigation de celui-ci sur le site internet. Le param\u00e9trage du logiciel de navigation permet d\u2019informer de la pr\u00e9sence de cookie et \u00e9ventuellement, de la refuser de la mani\u00e8re d\u00e9crite \u00e0 l\u2019adresse suivante : www.cnil.fr.<br \/><br \/>L\u2019utilisateur dispose d\u2019un droit d\u2019acc\u00e8s, de retrait et de modification des donn\u00e9es \u00e0 caract\u00e8re personnel communiqu\u00e9es par le biais des cookies dans les conditions indiqu\u00e9es ci-dessus.<br \/><br \/>L\u2019utilisateur du Site de MAFAEL est tenu de respecter les dispositions de la loi Informatique et libert\u00e9s du 6 janvier 1978 modifi\u00e9e dont la violation est passible de sanctions p\u00e9nales. Il doit notamment s\u2019abstenir, s\u2019agissant des informations nominatives auxquelles il acc\u00e8de, de toute collecte, de toute utilisation d\u00e9tourn\u00e9e, et d\u2019une mani\u00e8re g\u00e9n\u00e9rale, de tout acte susceptible de porter atteinte \u00e0 la vie priv\u00e9e ou \u00e0 la r\u00e9putation des personnes.<br \/><br \/><strong>TARIFS<\/strong><br \/><br \/>Tous les prix figurant sur le site mafael.com sont des prix emport\u00e9s, \u00e9tablis en Euros, taxes comprises, pour la France m\u00e9tropolitaine. Ces prix de vente conseill\u00e9s peuvent subir des fluctuations li\u00e9es aux cours des changes, aux cours des mati\u00e8res premi\u00e8res et autres \u00e9v\u00e9nements. Nos prix s\u2019entendent hors contribution aux co\u00fbts d\u2019\u00e9limination des d\u00e9chets d\u2019\u00e9l\u00e9ments d\u2019ameublement pr\u00e9vue \u00e0 l\u2019article R.543-247 du code de l\u2019environnement. Le co\u00fbt de l\u2019\u00e9co-participation est indiqu\u00e9 lors du processus de commande.<br \/><br \/><strong>PRODUITS<\/strong><br \/><br \/>MAFAEL se r\u00e9serve le droit de modifier ou supprimer sans pr\u00e9avis tout ou partie des mod\u00e8les pr\u00e9sent\u00e9s. Photos et couleurs non contractuelles.<\/p>\n\n<h4 class=\"wp-block-heading\">Informations sur le r\u00e8glement en ligne des litiges conform\u00e9ment \u00e0 l\u2019art. 14 paragr. 1 du RLL (R\u00e8glement en Ligne des Litiges) :<\/h4>\n\n<p>La Commission Europ\u00e9enne permet aux consommateurs de r\u00e9soudre les litiges en ligne sur l\u2019une de ses plateformes, conform\u00e9ment \u00e0 l\u2019art. 14 paragr. 1 du RLL. La plateforme (<a href=\"http:\/\/ec.europa.eu\/consumers\/odr\" target=\"_blank\" rel=\"noreferrer noopener\">https:\/\/webgate.ec.europa.eu\/odr\/main\/index.cfm?event=main.home.show&amp;lng=FR<\/a>) agit comme un site o\u00f9 les consommateurs peuvent essayer des r\u00e9gler hors tribunal des litiges survenus lors d\u2019achats de biens ou services en ligne.<\/p>\n\t\t\t\t\t\t\t\t<\/div>\n\t\t\t\t\t<\/div>\n\t\t\t\t<\/div>\n\t\t\t\t<\/div>\n\t\t","protected":false},"excerpt":{"rendered":"<p>IDENTIT\u00c9MAFAEL, petits espaces, grandes id\u00e9es ADRESSECe site est la propri\u00e9t\u00e9 de ESPACE LOGGIA EXPANSION au capital de 129 944 euros, [&hellip;]<\/p>\n","protected":false},"author":3,"featured_media":0,"parent":0,"menu_order":0,"comment_status":"closed","ping_status":"closed","template":"","meta":{"site-sidebar-layout":"default","site-content-layout":"","ast-site-content-layout":"default","site-content-style":"default","site-sidebar-style":"default","ast-global-header-display":"","ast-banner-title-visibility":"","ast-main-header-display":"","ast-hfb-above-header-display":"","ast-hfb-below-header-display":"","ast-hfb-mobile-header-display":"","site-post-title":"","ast-breadcrumbs-content":"","ast-featured-img":"","footer-sml-layout":"","ast-disable-related-posts":"","theme-transparent-header-meta":"","adv-header-id-meta":"","stick-header-meta":"","header-above-stick-meta":"","header-main-stick-meta":"","header-below-stick-meta":"","astra-migrate-meta-layouts":"default","ast-page-background-enabled":"default","ast-page-background-meta":{"desktop":{"background-color":"var(--ast-global-color-5)","background-image":"","background-repeat":"repeat","background-position":"center center","background-size":"auto","background-attachment":"scroll","background-type":"","background-media":"","overlay-type":"","overlay-color":"","overlay-opacity":"","overlay-gradient":""},"tablet":{"background-color":"","background-image":"","background-repeat":"repeat","background-position":"center center","background-size":"auto","background-attachment":"scroll","background-type":"","background-media":"","overlay-type":"","overlay-color":"","overlay-opacity":"","overlay-gradient":""},"mobile":{"background-color":"","background-image":"","background-repeat":"repeat","background-position":"center center","background-size":"auto","background-attachment":"scroll","background-type":"","background-media":"","overlay-type":"","overlay-color":"","overlay-opacity":"","overlay-gradient":""}},"ast-content-background-meta":{"desktop":{"background-color":"var(--ast-global-color-4)","background-image":"","background-repeat":"repeat","background-position":"center center","background-size":"auto","background-attachment":"scroll","background-type":"","background-media":"","overlay-type":"","overlay-color":"","overlay-opacity":"","overlay-gradient":""},"tablet":{"background-color":"var(--ast-global-color-4)","background-image":"","background-repeat":"repeat","background-position":"center center","background-size":"auto","background-attachment":"scroll","background-type":"","background-media":"","overlay-type":"","overlay-color":"","overlay-opacity":"","overlay-gradient":""},"mobile":{"background-color":"var(--ast-global-color-4)","background-image":"","background-repeat":"repeat","background-position":"center center","background-size":"auto","background-attachment":"scroll","background-type":"","background-media":"","overlay-type":"","overlay-color":"","overlay-opacity":"","overlay-gradient":""}},"footnotes":""},"class_list":["post-1034","page","type-page","status-publish","hentry"],"yoast_head":"<!-- This site is optimized with the Yoast SEO plugin v27.3 - https:\/\/yoast.com\/product\/yoast-seo-wordpress\/ -->\n<title>Mentions l\u00e9gales - Mafael<\/title>\n<meta name=\"robots\" content=\"index, follow, max-snippet:-1, max-image-preview:large, max-video-preview:-1\" \/>\n<link rel=\"canonical\" href=\"https:\/\/mafael.com\/index.php\/mentions-legales\/\" \/>\n<meta property=\"og:locale\" content=\"fr_FR\" \/>\n<meta property=\"og:type\" content=\"article\" \/>\n<meta property=\"og:title\" content=\"Mentions l\u00e9gales - Mafael\" \/>\n<meta property=\"og:description\" content=\"IDENTIT\u00c9MAFAEL, petits espaces, grandes id\u00e9es ADRESSECe site est la propri\u00e9t\u00e9 de ESPACE LOGGIA EXPANSION au capital de 129 944 euros, [&hellip;]\" \/>\n<meta property=\"og:url\" content=\"https:\/\/mafael.com\/index.php\/mentions-legales\/\" \/>\n<meta property=\"og:site_name\" content=\"Mafael\" \/>\n<meta property=\"article:modified_time\" content=\"2025-11-28T10:43:52+00:00\" \/>\n<meta name=\"twitter:card\" content=\"summary_large_image\" \/>\n<meta name=\"twitter:label1\" content=\"Dur\u00e9e de lecture estim\u00e9e\" \/>\n\t<meta name=\"twitter:data1\" content=\"5 minutes\" \/>\n<script type=\"application\/ld+json\" class=\"yoast-schema-graph\">{\"@context\":\"https:\\\/\\\/schema.org\",\"@graph\":[{\"@type\":\"WebPage\",\"@id\":\"https:\\\/\\\/mafael.com\\\/index.php\\\/mentions-legales\\\/\",\"url\":\"https:\\\/\\\/mafael.com\\\/index.php\\\/mentions-legales\\\/\",\"name\":\"Mentions l\u00e9gales - Mafael\",\"isPartOf\":{\"@id\":\"https:\\\/\\\/mafael.com\\\/#website\"},\"datePublished\":\"2025-11-12T15:21:56+00:00\",\"dateModified\":\"2025-11-28T10:43:52+00:00\",\"breadcrumb\":{\"@id\":\"https:\\\/\\\/mafael.com\\\/index.php\\\/mentions-legales\\\/#breadcrumb\"},\"inLanguage\":\"fr-FR\",\"potentialAction\":[{\"@type\":\"ReadAction\",\"target\":[\"https:\\\/\\\/mafael.com\\\/index.php\\\/mentions-legales\\\/\"]}]},{\"@type\":\"BreadcrumbList\",\"@id\":\"https:\\\/\\\/mafael.com\\\/index.php\\\/mentions-legales\\\/#breadcrumb\",\"itemListElement\":[{\"@type\":\"ListItem\",\"position\":1,\"name\":\"Accueil\",\"item\":\"https:\\\/\\\/mafael.com\\\/\"},{\"@type\":\"ListItem\",\"position\":2,\"name\":\"Mentions l\u00e9gales\"}]},{\"@type\":\"WebSite\",\"@id\":\"https:\\\/\\\/mafael.com\\\/#website\",\"url\":\"https:\\\/\\\/mafael.com\\\/\",\"name\":\"Mafael\",\"description\":\"Petits espaces, grandes id\u00e9es\",\"publisher\":{\"@id\":\"https:\\\/\\\/mafael.com\\\/#organization\"},\"potentialAction\":[{\"@type\":\"SearchAction\",\"target\":{\"@type\":\"EntryPoint\",\"urlTemplate\":\"https:\\\/\\\/mafael.com\\\/?s={search_term_string}\"},\"query-input\":{\"@type\":\"PropertyValueSpecification\",\"valueRequired\":true,\"valueName\":\"search_term_string\"}}],\"inLanguage\":\"fr-FR\"},{\"@type\":\"Organization\",\"@id\":\"https:\\\/\\\/mafael.com\\\/#organization\",\"name\":\"Mafael\",\"url\":\"https:\\\/\\\/mafael.com\\\/\",\"logo\":{\"@type\":\"ImageObject\",\"inLanguage\":\"fr-FR\",\"@id\":\"https:\\\/\\\/mafael.com\\\/#\\\/schema\\\/logo\\\/image\\\/\",\"url\":\"https:\\\/\\\/mafael.com\\\/wp-content\\\/uploads\\\/2025\\\/10\\\/cropped-MAFAEL_logotype_rvb-scaled-1.webp\",\"contentUrl\":\"https:\\\/\\\/mafael.com\\\/wp-content\\\/uploads\\\/2025\\\/10\\\/cropped-MAFAEL_logotype_rvb-scaled-1.webp\",\"width\":2559,\"height\":853,\"caption\":\"Mafael\"},\"image\":{\"@id\":\"https:\\\/\\\/mafael.com\\\/#\\\/schema\\\/logo\\\/image\\\/\"}}]}<\/script>\n<!-- \/ Yoast SEO plugin. -->","yoast_head_json":{"title":"Mentions l\u00e9gales - Mafael","robots":{"index":"index","follow":"follow","max-snippet":"max-snippet:-1","max-image-preview":"max-image-preview:large","max-video-preview":"max-video-preview:-1"},"canonical":"https:\/\/mafael.com\/index.php\/mentions-legales\/","og_locale":"fr_FR","og_type":"article","og_title":"Mentions l\u00e9gales - Mafael","og_description":"IDENTIT\u00c9MAFAEL, petits espaces, grandes id\u00e9es ADRESSECe site est la propri\u00e9t\u00e9 de ESPACE LOGGIA EXPANSION au capital de 129 944 euros, [&hellip;]","og_url":"https:\/\/mafael.com\/index.php\/mentions-legales\/","og_site_name":"Mafael","article_modified_time":"2025-11-28T10:43:52+00:00","twitter_card":"summary_large_image","twitter_misc":{"Dur\u00e9e de lecture estim\u00e9e":"5 minutes"},"schema":{"@context":"https:\/\/schema.org","@graph":[{"@type":"WebPage","@id":"https:\/\/mafael.com\/index.php\/mentions-legales\/","url":"https:\/\/mafael.com\/index.php\/mentions-legales\/","name":"Mentions l\u00e9gales - Mafael","isPartOf":{"@id":"https:\/\/mafael.com\/#website"},"datePublished":"2025-11-12T15:21:56+00:00","dateModified":"2025-11-28T10:43:52+00:00","breadcrumb":{"@id":"https:\/\/mafael.com\/index.php\/mentions-legales\/#breadcrumb"},"inLanguage":"fr-FR","potentialAction":[{"@type":"ReadAction","target":["https:\/\/mafael.com\/index.php\/mentions-legales\/"]}]},{"@type":"BreadcrumbList","@id":"https:\/\/mafael.com\/index.php\/mentions-legales\/#breadcrumb","itemListElement":[{"@type":"ListItem","position":1,"name":"Accueil","item":"https:\/\/mafael.com\/"},{"@type":"ListItem","position":2,"name":"Mentions l\u00e9gales"}]},{"@type":"WebSite","@id":"https:\/\/mafael.com\/#website","url":"https:\/\/mafael.com\/","name":"Mafael","description":"Petits espaces, grandes id\u00e9es","publisher":{"@id":"https:\/\/mafael.com\/#organization"},"potentialAction":[{"@type":"SearchAction","target":{"@type":"EntryPoint","urlTemplate":"https:\/\/mafael.com\/?s={search_term_string}"},"query-input":{"@type":"PropertyValueSpecification","valueRequired":true,"valueName":"search_term_string"}}],"inLanguage":"fr-FR"},{"@type":"Organization","@id":"https:\/\/mafael.com\/#organization","name":"Mafael","url":"https:\/\/mafael.com\/","logo":{"@type":"ImageObject","inLanguage":"fr-FR","@id":"https:\/\/mafael.com\/#\/schema\/logo\/image\/","url":"https:\/\/mafael.com\/wp-content\/uploads\/2025\/10\/cropped-MAFAEL_logotype_rvb-scaled-1.webp","contentUrl":"https:\/\/mafael.com\/wp-content\/uploads\/2025\/10\/cropped-MAFAEL_logotype_rvb-scaled-1.webp","width":2559,"height":853,"caption":"Mafael"},"image":{"@id":"https:\/\/mafael.com\/#\/schema\/logo\/image\/"}}]}},"_links":{"self":[{"href":"https:\/\/mafael.com\/index.php\/wp-json\/wp\/v2\/pages\/1034","targetHints":{"allow":["GET"]}}],"collection":[{"href":"https:\/\/mafael.com\/index.php\/wp-json\/wp\/v2\/pages"}],"about":[{"href":"https:\/\/mafael.com\/index.php\/wp-json\/wp\/v2\/types\/page"}],"author":[{"embeddable":true,"href":"https:\/\/mafael.com\/index.php\/wp-json\/wp\/v2\/users\/3"}],"replies":[{"embeddable":true,"href":"https:\/\/mafael.com\/index.php\/wp-json\/wp\/v2\/comments?post=1034"}],"version-history":[{"count":0,"href":"https:\/\/mafael.com\/index.php\/wp-json\/wp\/v2\/pages\/1034\/revisions"}],"wp:attachment":[{"href":"https:\/\/mafael.com\/index.php\/wp-json\/wp\/v2\/media?parent=1034"}],"curies":[{"name":"wp","href":"https:\/\/api.w.org\/{rel}","templated":true}]}}