{"id":1204,"date":"2025-11-27T12:39:52","date_gmt":"2025-11-27T11:39:52","guid":{"rendered":"https:\/\/dev.mafael.com\/?page_id=1204"},"modified":"2026-03-27T12:21:38","modified_gmt":"2026-03-27T11:21:38","slug":"notice-de-montage","status":"publish","type":"page","link":"https:\/\/mafael.com\/index.php\/notice-de-montage\/","title":{"rendered":"Notice de montage"},"content":{"rendered":"\t\t<div data-elementor-type=\"wp-page\" data-elementor-id=\"1204\" class=\"elementor elementor-1204\" data-elementor-post-type=\"page\">\n\t\t\t\t<div class=\"elementor-element elementor-element-598a75e e-flex e-con-boxed e-con e-parent\" data-id=\"598a75e\" data-element_type=\"container\" data-e-type=\"container\">\n\t\t\t\t\t<div class=\"e-con-inner\">\n\t\t\t\t<div class=\"elementor-element elementor-element-d44e3a9 elementor-widget elementor-widget-heading\" data-id=\"d44e3a9\" data-element_type=\"widget\" data-e-type=\"widget\" data-widget_type=\"heading.default\">\n\t\t\t\t\t<h2 class=\"elementor-heading-title elementor-size-default\">Notice de montage<\/h2>\t\t\t\t<\/div>\n\t\t\t\t\t<\/div>\n\t\t\t\t<\/div>\n\t\t<div class=\"elementor-element elementor-element-665d1f1 e-flex e-con-boxed e-con e-parent\" data-id=\"665d1f1\" data-element_type=\"container\" data-e-type=\"container\">\n\t\t\t\t\t<div class=\"e-con-inner\">\n\t\t\t\t<div class=\"elementor-element elementor-element-1ad2c39 elementor-widget elementor-widget-pdf_smart_viewer\" data-id=\"1ad2c39\" data-element_type=\"widget\" data-e-type=\"widget\" data-widget_type=\"pdf_smart_viewer.default\">\n\t\t\t\t<div class=\"elementor-widget-container\">\n\t\t\t\t\t        <div class=\"epsv-container\" id=\"epsv-1ad2c39\"\n            data-pdf-url=\"https:\/\/mafael.com\/wp-content\/uploads\/2025\/11\/Notice_Juno_09-09-2024-Anglais-light_compressed.pdf\"\n            data-widget-id=\"1ad2c39\"\n            data-initial-zoom=\"1\"\n            data-show-zoom=\"true\"\n            data-show-fullscreen=\"true\"\n            data-show-download=\"true\"\n            data-show-print=\"true\"\n            data-show-page-info=\"true\">\n\n            <div class=\"epsv-viewer\">\n                <canvas class=\"epsv-canvas\"><\/canvas>\n                <div class=\"epsv-loading\">\n                    <div class=\"epsv-spinner\"><\/div>\n                    <p>Loading PDF...<\/p>\n                <\/div>\n                <div class=\"epsv-error\" style=\"display: none;\">\n                    <p>Error loading PDF. Please check the URL or file.<\/p>\n                <\/div>\n            <\/div>\n\n                            <div class=\"epsv-controls\">\n                    <div class=\"epsv-controls-left\">\n                        <button class=\"epsv-btn epsv-zoom-out\" title=\"Zoom Out\">\n                            <span class=\"epsv-icon\">\u2212<\/span>\n                        <\/button>\n                        <button class=\"epsv-btn epsv-zoom-in\" title=\"Zoom In\">\n                            <span class=\"epsv-icon\">+<\/span>\n                        <\/button>\n                    <\/div>\n                    <div class=\"epsv-controls-center\">\n                        <button class=\"epsv-btn epsv-prev\" title=\"Previous Page\">\n                            <span class=\"epsv-icon\">&#8592;<\/span>\n                        <\/button>\n                                                    <div class=\"epsv-page-info\">\n                                <span class=\"epsv-page-current\">1<\/span>\n                                <span class=\"epsv-page-separator\">\/<\/span>\n                                <span class=\"epsv-page-total\">1<\/span>\n                            <\/div>\n                                                <button class=\"epsv-btn epsv-next\" title=\"Next Page\">\n                            <span class=\"epsv-icon\">&#8594;<\/span>\n                        <\/button>\n                    <\/div>\n                    <div class=\"epsv-controls-right\">\n                                                    <button class=\"epsv-btn epsv-fullscreen\" title=\"Fullscreen\">\n                                <span class=\"epsv-icon\">\u26f6<\/span>\n                            <\/button>\n                                                                            <button class=\"epsv-btn epsv-download\" title=\"Download\">\n                                <span class=\"epsv-icon\">\u2193<\/span>\n                            <\/button>\n                                                                            <button class=\"epsv-btn epsv-print\" title=\"Print\">\n                                <span class=\"epsv-icon\">\ud83d\udda8<\/span>\n                            <\/button>\n                                            <\/div>\n                <\/div>\n                    <\/div>\n        \t\t\t\t<\/div>\n\t\t\t\t<\/div>\n\t\t\t\t\t<\/div>\n\t\t\t\t<\/div>\n\t\t\t\t<\/div>\n\t\t","protected":false},"excerpt":{"rendered":"<p>Notice de montage Loading PDF&#8230; Error loading PDF. Please check the URL or file. \u2212 + &#8592; 1 \/ 1 [&hellip;]<\/p>\n","protected":false},"author":3,"featured_media":0,"parent":0,"menu_order":0,"comment_status":"closed","ping_status":"closed","template":"","meta":{"site-sidebar-layout":"no-sidebar","site-content-layout":"","ast-site-content-layout":"full-width-container","site-content-style":"default","site-sidebar-style":"default","ast-global-header-display":"","ast-banner-title-visibility":"","ast-main-header-display":"","ast-hfb-above-header-display":"","ast-hfb-below-header-display":"","ast-hfb-mobile-header-display":"","site-post-title":"disabled","ast-breadcrumbs-content":"","ast-featured-img":"disabled","footer-sml-layout":"","ast-disable-related-posts":"","theme-transparent-header-meta":"","adv-header-id-meta":"","stick-header-meta":"","header-above-stick-meta":"","header-main-stick-meta":"","header-below-stick-meta":"","astra-migrate-meta-layouts":"default","ast-page-background-enabled":"default","ast-page-background-meta":{"desktop":{"background-color":"var(--ast-global-color-5)","background-image":"","background-repeat":"repeat","background-position":"center center","background-size":"auto","background-attachment":"scroll","background-type":"","background-media":"","overlay-type":"","overlay-color":"","overlay-opacity":"","overlay-gradient":""},"tablet":{"background-color":"","background-image":"","background-repeat":"repeat","background-position":"center center","background-size":"auto","background-attachment":"scroll","background-type":"","background-media":"","overlay-type":"","overlay-color":"","overlay-opacity":"","overlay-gradient":""},"mobile":{"background-color":"","background-image":"","background-repeat":"repeat","background-position":"center center","background-size":"auto","background-attachment":"scroll","background-type":"","background-media":"","overlay-type":"","overlay-color":"","overlay-opacity":"","overlay-gradient":""}},"ast-content-background-meta":{"desktop":{"background-color":"var(--ast-global-color-4)","background-image":"","background-repeat":"repeat","background-position":"center center","background-size":"auto","background-attachment":"scroll","background-type":"","background-media":"","overlay-type":"","overlay-color":"","overlay-opacity":"","overlay-gradient":""},"tablet":{"background-color":"var(--ast-global-color-4)","background-image":"","background-repeat":"repeat","background-position":"center center","background-size":"auto","background-attachment":"scroll","background-type":"","background-media":"","overlay-type":"","overlay-color":"","overlay-opacity":"","overlay-gradient":""},"mobile":{"background-color":"var(--ast-global-color-4)","background-image":"","background-repeat":"repeat","background-position":"center center","background-size":"auto","background-attachment":"scroll","background-type":"","background-media":"","overlay-type":"","overlay-color":"","overlay-opacity":"","overlay-gradient":""}},"footnotes":""},"class_list":["post-1204","page","type-page","status-publish","hentry"],"yoast_head":"<!-- This site is optimized with the Yoast SEO plugin v27.3 - https:\/\/yoast.com\/product\/yoast-seo-wordpress\/ -->\n<title>Notice de montage lit escamotable - Mafael<\/title>\n<meta name=\"description\" content=\"D\u00e9couvrez la notice de montage de notre lit escamotable Juno. Montez votre lit vous m\u00eame gr\u00e2ce \u00e0 notre guide.\" \/>\n<meta name=\"robots\" content=\"index, follow, max-snippet:-1, max-image-preview:large, max-video-preview:-1\" \/>\n<link rel=\"canonical\" href=\"https:\/\/mafael.com\/index.php\/notice-de-montage\/\" \/>\n<meta property=\"og:locale\" content=\"fr_FR\" \/>\n<meta property=\"og:type\" content=\"article\" \/>\n<meta property=\"og:title\" content=\"Notice de montage lit escamotable - Mafael\" \/>\n<meta property=\"og:description\" content=\"D\u00e9couvrez la notice de montage de notre lit escamotable Juno. Montez votre lit vous m\u00eame gr\u00e2ce \u00e0 notre guide.\" \/>\n<meta property=\"og:url\" content=\"https:\/\/mafael.com\/index.php\/notice-de-montage\/\" \/>\n<meta property=\"og:site_name\" content=\"Mafael\" \/>\n<meta property=\"article:modified_time\" content=\"2026-03-27T11:21:38+00:00\" \/>\n<meta name=\"twitter:card\" content=\"summary_large_image\" \/>\n<meta name=\"twitter:label1\" content=\"Dur\u00e9e de lecture estim\u00e9e\" \/>\n\t<meta name=\"twitter:data1\" content=\"1 minute\" \/>\n<script type=\"application\/ld+json\" class=\"yoast-schema-graph\">{\"@context\":\"https:\\\/\\\/schema.org\",\"@graph\":[{\"@type\":\"WebPage\",\"@id\":\"https:\\\/\\\/mafael.com\\\/index.php\\\/notice-de-montage\\\/\",\"url\":\"https:\\\/\\\/mafael.com\\\/index.php\\\/notice-de-montage\\\/\",\"name\":\"Notice de montage lit escamotable - Mafael\",\"isPartOf\":{\"@id\":\"https:\\\/\\\/mafael.com\\\/#website\"},\"datePublished\":\"2025-11-27T11:39:52+00:00\",\"dateModified\":\"2026-03-27T11:21:38+00:00\",\"description\":\"D\u00e9couvrez la notice de montage de notre lit escamotable Juno. Montez votre lit vous m\u00eame gr\u00e2ce \u00e0 notre guide.\",\"breadcrumb\":{\"@id\":\"https:\\\/\\\/mafael.com\\\/index.php\\\/notice-de-montage\\\/#breadcrumb\"},\"inLanguage\":\"fr-FR\",\"potentialAction\":[{\"@type\":\"ReadAction\",\"target\":[\"https:\\\/\\\/mafael.com\\\/index.php\\\/notice-de-montage\\\/\"]}]},{\"@type\":\"BreadcrumbList\",\"@id\":\"https:\\\/\\\/mafael.com\\\/index.php\\\/notice-de-montage\\\/#breadcrumb\",\"itemListElement\":[{\"@type\":\"ListItem\",\"position\":1,\"name\":\"Accueil\",\"item\":\"https:\\\/\\\/mafael.com\\\/\"},{\"@type\":\"ListItem\",\"position\":2,\"name\":\"Notice de montage\"}]},{\"@type\":\"WebSite\",\"@id\":\"https:\\\/\\\/mafael.com\\\/#website\",\"url\":\"https:\\\/\\\/mafael.com\\\/\",\"name\":\"Mafael\",\"description\":\"Petits espaces, grandes id\u00e9es\",\"publisher\":{\"@id\":\"https:\\\/\\\/mafael.com\\\/#organization\"},\"potentialAction\":[{\"@type\":\"SearchAction\",\"target\":{\"@type\":\"EntryPoint\",\"urlTemplate\":\"https:\\\/\\\/mafael.com\\\/?s={search_term_string}\"},\"query-input\":{\"@type\":\"PropertyValueSpecification\",\"valueRequired\":true,\"valueName\":\"search_term_string\"}}],\"inLanguage\":\"fr-FR\"},{\"@type\":\"Organization\",\"@id\":\"https:\\\/\\\/mafael.com\\\/#organization\",\"name\":\"Mafael\",\"url\":\"https:\\\/\\\/mafael.com\\\/\",\"logo\":{\"@type\":\"ImageObject\",\"inLanguage\":\"fr-FR\",\"@id\":\"https:\\\/\\\/mafael.com\\\/#\\\/schema\\\/logo\\\/image\\\/\",\"url\":\"https:\\\/\\\/mafael.com\\\/wp-content\\\/uploads\\\/2025\\\/10\\\/cropped-MAFAEL_logotype_rvb-scaled-1.webp\",\"contentUrl\":\"https:\\\/\\\/mafael.com\\\/wp-content\\\/uploads\\\/2025\\\/10\\\/cropped-MAFAEL_logotype_rvb-scaled-1.webp\",\"width\":2559,\"height\":853,\"caption\":\"Mafael\"},\"image\":{\"@id\":\"https:\\\/\\\/mafael.com\\\/#\\\/schema\\\/logo\\\/image\\\/\"}}]}<\/script>\n<!-- \/ Yoast SEO plugin. -->","yoast_head_json":{"title":"Notice de montage lit escamotable - Mafael","description":"D\u00e9couvrez la notice de montage de notre lit escamotable Juno. Montez votre lit vous m\u00eame gr\u00e2ce \u00e0 notre guide.","robots":{"index":"index","follow":"follow","max-snippet":"max-snippet:-1","max-image-preview":"max-image-preview:large","max-video-preview":"max-video-preview:-1"},"canonical":"https:\/\/mafael.com\/index.php\/notice-de-montage\/","og_locale":"fr_FR","og_type":"article","og_title":"Notice de montage lit escamotable - Mafael","og_description":"D\u00e9couvrez la notice de montage de notre lit escamotable Juno. Montez votre lit vous m\u00eame gr\u00e2ce \u00e0 notre guide.","og_url":"https:\/\/mafael.com\/index.php\/notice-de-montage\/","og_site_name":"Mafael","article_modified_time":"2026-03-27T11:21:38+00:00","twitter_card":"summary_large_image","twitter_misc":{"Dur\u00e9e de lecture estim\u00e9e":"1 minute"},"schema":{"@context":"https:\/\/schema.org","@graph":[{"@type":"WebPage","@id":"https:\/\/mafael.com\/index.php\/notice-de-montage\/","url":"https:\/\/mafael.com\/index.php\/notice-de-montage\/","name":"Notice de montage lit escamotable - Mafael","isPartOf":{"@id":"https:\/\/mafael.com\/#website"},"datePublished":"2025-11-27T11:39:52+00:00","dateModified":"2026-03-27T11:21:38+00:00","description":"D\u00e9couvrez la notice de montage de notre lit escamotable Juno. Montez votre lit vous m\u00eame gr\u00e2ce \u00e0 notre guide.","breadcrumb":{"@id":"https:\/\/mafael.com\/index.php\/notice-de-montage\/#breadcrumb"},"inLanguage":"fr-FR","potentialAction":[{"@type":"ReadAction","target":["https:\/\/mafael.com\/index.php\/notice-de-montage\/"]}]},{"@type":"BreadcrumbList","@id":"https:\/\/mafael.com\/index.php\/notice-de-montage\/#breadcrumb","itemListElement":[{"@type":"ListItem","position":1,"name":"Accueil","item":"https:\/\/mafael.com\/"},{"@type":"ListItem","position":2,"name":"Notice de montage"}]},{"@type":"WebSite","@id":"https:\/\/mafael.com\/#website","url":"https:\/\/mafael.com\/","name":"Mafael","description":"Petits espaces, grandes id\u00e9es","publisher":{"@id":"https:\/\/mafael.com\/#organization"},"potentialAction":[{"@type":"SearchAction","target":{"@type":"EntryPoint","urlTemplate":"https:\/\/mafael.com\/?s={search_term_string}"},"query-input":{"@type":"PropertyValueSpecification","valueRequired":true,"valueName":"search_term_string"}}],"inLanguage":"fr-FR"},{"@type":"Organization","@id":"https:\/\/mafael.com\/#organization","name":"Mafael","url":"https:\/\/mafael.com\/","logo":{"@type":"ImageObject","inLanguage":"fr-FR","@id":"https:\/\/mafael.com\/#\/schema\/logo\/image\/","url":"https:\/\/mafael.com\/wp-content\/uploads\/2025\/10\/cropped-MAFAEL_logotype_rvb-scaled-1.webp","contentUrl":"https:\/\/mafael.com\/wp-content\/uploads\/2025\/10\/cropped-MAFAEL_logotype_rvb-scaled-1.webp","width":2559,"height":853,"caption":"Mafael"},"image":{"@id":"https:\/\/mafael.com\/#\/schema\/logo\/image\/"}}]}},"_links":{"self":[{"href":"https:\/\/mafael.com\/index.php\/wp-json\/wp\/v2\/pages\/1204","targetHints":{"allow":["GET"]}}],"collection":[{"href":"https:\/\/mafael.com\/index.php\/wp-json\/wp\/v2\/pages"}],"about":[{"href":"https:\/\/mafael.com\/index.php\/wp-json\/wp\/v2\/types\/page"}],"author":[{"embeddable":true,"href":"https:\/\/mafael.com\/index.php\/wp-json\/wp\/v2\/users\/3"}],"replies":[{"embeddable":true,"href":"https:\/\/mafael.com\/index.php\/wp-json\/wp\/v2\/comments?post=1204"}],"version-history":[{"count":0,"href":"https:\/\/mafael.com\/index.php\/wp-json\/wp\/v2\/pages\/1204\/revisions"}],"wp:attachment":[{"href":"https:\/\/mafael.com\/index.php\/wp-json\/wp\/v2\/media?parent=1204"}],"curies":[{"name":"wp","href":"https:\/\/api.w.org\/{rel}","templated":true}]}}