{"id":1137,"date":"2025-11-24T18:00:12","date_gmt":"2025-11-24T17:00:12","guid":{"rendered":"https:\/\/dev.mafael.com\/?post_type=product&#038;p=1137"},"modified":"2026-02-23T11:58:16","modified_gmt":"2026-02-23T10:58:16","slug":"matelas-pour-lit-escamotable","status":"publish","type":"product","link":"https:\/\/mafael.com\/index.php\/produit\/matelas-pour-lit-escamotable\/","title":{"rendered":"Matelas pour lit escamotable"},"content":{"rendered":"\t\t<div data-elementor-type=\"product-post\" data-elementor-id=\"1137\" class=\"elementor elementor-1137\" data-elementor-post-type=\"product\">\n\t\t\t\t<div class=\"elementor-element elementor-element-43399ff e-flex e-con-boxed e-con e-parent\" data-id=\"43399ff\" data-element_type=\"container\" data-e-type=\"container\">\n\t\t\t\t\t<div class=\"e-con-inner\">\n\t\t\t\t<div class=\"elementor-element elementor-element-1413c4a elementor-widget elementor-widget-heading\" data-id=\"1413c4a\" data-element_type=\"widget\" data-e-type=\"widget\" data-widget_type=\"heading.default\">\n\t\t\t\t\t<h2 class=\"elementor-heading-title elementor-size-default\">\u00c0 chaque JUNO : son matelas<\/h2>\t\t\t\t<\/div>\n\t\t\t\t<div class=\"elementor-element elementor-element-5afc0d4 elementor-widget elementor-widget-heading\" data-id=\"5afc0d4\" data-element_type=\"widget\" data-e-type=\"widget\" data-widget_type=\"heading.default\">\n\t\t\t\t\t<h3 class=\"elementor-heading-title elementor-size-default\">PENSEZ A BIEN CHOISIR LE MOD\u00c8LE QUI S\u2019ADAPTE \u00c0 VOTRE JUNO<\/h3>\t\t\t\t<\/div>\n\t\t\t\t<div class=\"elementor-element elementor-element-09d0352 elementor-widget elementor-widget-text-editor\" data-id=\"09d0352\" data-element_type=\"widget\" data-e-type=\"widget\" data-widget_type=\"text-editor.default\">\n\t\t\t\t\t\t\t\t\t<p>Disponible en 140\u00d7200 cm ou 160\u00d7200 cm, MAFAEL a s\u00e9lectionn\u00e9 le matelas matelas ferme deux places MELIOR pour le lit escamotable JUNO. Avec son soutien ferme et son accueil moelleux gr\u00e2ce \u00e0 la mousse HR 35, vous pourrez passer de douces nuits tranquilles. hauteur : 20 cm.<\/p>\n<p>Nous vous rappelons qu\u2019il est indispensable d\u2019\u00eatre muni d\u2019un matelas le jour de l\u2019installation du lit JUNO.<\/p>\t\t\t\t\t\t\t\t<\/div>\n\t\t\t\t<div class=\"elementor-element elementor-element-41c7439 elementor-widget elementor-widget-heading\" data-id=\"41c7439\" data-element_type=\"widget\" data-e-type=\"widget\" data-widget_type=\"heading.default\">\n\t\t\t\t\t<h2 class=\"elementor-heading-title elementor-size-default\">MELIOR, pour des douces nuits zzz<\/h2>\t\t\t\t<\/div>\n\t\t\t\t<div class=\"elementor-element elementor-element-91b45ac elementor-widget elementor-widget-heading\" data-id=\"91b45ac\" data-element_type=\"widget\" data-e-type=\"widget\" data-widget_type=\"heading.default\">\n\t\t\t\t\t<h3 class=\"elementor-heading-title elementor-size-default\">Un matelas pens\u00e9 pour vous<\/h3>\t\t\t\t<\/div>\n\t\t\t\t<div class=\"elementor-element elementor-element-02bac5c elementor-widget elementor-widget-text-editor\" data-id=\"02bac5c\" data-element_type=\"widget\" data-e-type=\"widget\" data-widget_type=\"text-editor.default\">\n\t\t\t\t\t\t\t\t\t<p>L\u2019\u00e2me du matelas MELIOR est de la mousse HR35 de 16 cm et de 400g\/m<sup>2<\/sup>\u00a0de ouate polyester. La housse de MELIOR est en tissu 100% polyester. Le matelas MELIOR comporte \u00e9galement des a\u00e9rations lat\u00e9rales afin de bien respirer.<\/p>\t\t\t\t\t\t\t\t<\/div>\n\t\t\t\t<div class=\"elementor-element elementor-element-b9b05aa elementor-widget elementor-widget-heading\" data-id=\"b9b05aa\" data-element_type=\"widget\" data-e-type=\"widget\" data-widget_type=\"heading.default\">\n\t\t\t\t\t<h2 class=\"elementor-heading-title elementor-size-default\">MELIOR est fabriqu\u00e9 en France<\/h2>\t\t\t\t<\/div>\n\t\t\t\t<div class=\"elementor-element elementor-element-b82c8f0 elementor-widget elementor-widget-heading\" data-id=\"b82c8f0\" data-element_type=\"widget\" data-e-type=\"widget\" data-widget_type=\"heading.default\">\n\t\t\t\t\t<h3 class=\"elementor-heading-title elementor-size-default\">Un matelas pens\u00e9 pour vous<\/h3>\t\t\t\t<\/div>\n\t\t\t\t<div class=\"elementor-element elementor-element-7600b0b elementor-widget elementor-widget-text-editor\" data-id=\"7600b0b\" data-element_type=\"widget\" data-e-type=\"widget\" data-widget_type=\"text-editor.default\">\n\t\t\t\t\t\t\t\t\t<p>Comme votre lit, le matelas MELIOR est fabriqu\u00e9 en France.<\/p>\t\t\t\t\t\t\t\t<\/div>\n\t\t\t\t\t<\/div>\n\t\t\t\t<\/div>\n\t\t<div class=\"elementor-element elementor-element-5d1adee e-flex e-con-boxed e-con e-parent\" data-id=\"5d1adee\" data-element_type=\"container\" data-e-type=\"container\">\n\t\t\t\t\t<div class=\"e-con-inner\">\n\t\t\t\t<div class=\"elementor-element elementor-element-c39b346 elementor-widget elementor-widget-heading\" data-id=\"c39b346\" data-element_type=\"widget\" data-e-type=\"widget\" data-widget_type=\"heading.default\">\n\t\t\t\t\t<h2 class=\"elementor-heading-title elementor-size-default\">Caract\u00e9ristiques<\/h2>\t\t\t\t<\/div>\n\t\t\t\t<div class=\"elementor-element elementor-element-7c26602 e-n-tabs-mobile elementor-widget elementor-widget-n-tabs\" data-id=\"7c26602\" data-element_type=\"widget\" data-e-type=\"widget\" data-settings=\"{&quot;horizontal_scroll&quot;:&quot;disable&quot;}\" data-widget_type=\"nested-tabs.default\">\n\t\t\t\t\t\t\t<div class=\"e-n-tabs\" data-widget-number=\"130180610\" aria-label=\"Onglets. Ouvrez des \u00e9l\u00e9ments avec Entrer ou Espace, fermez-les avec Echape et naviguez \u00e0 l&#039;aide des touches fl\u00e9ch\u00e9es.\">\n\t\t\t<div class=\"e-n-tabs-heading\" role=\"tablist\">\n\t\t\t\t\t<button id=\"e-n-tab-title-1301806101\" data-tab-title-id=\"e-n-tab-title-1301806101\" class=\"e-n-tab-title\" aria-selected=\"true\" data-tab-index=\"1\" role=\"tab\" tabindex=\"0\" aria-controls=\"e-n-tab-content-1301806101\" style=\"--n-tabs-title-order: 1;\">\n\t\t\t\t\t\t<span class=\"e-n-tab-title-text\">\n\t\t\t\tMat\u00e9riaux\t\t\t<\/span>\n\t\t<\/button>\n\t\t\t\t<button id=\"e-n-tab-title-1301806102\" data-tab-title-id=\"e-n-tab-title-1301806102\" class=\"e-n-tab-title\" aria-selected=\"false\" data-tab-index=\"2\" role=\"tab\" tabindex=\"-1\" aria-controls=\"e-n-tab-content-1301806102\" style=\"--n-tabs-title-order: 2;\">\n\t\t\t\t\t\t<span class=\"e-n-tab-title-text\">\n\t\t\t\tFabrication\t\t\t<\/span>\n\t\t<\/button>\n\t\t\t\t<button id=\"e-n-tab-title-1301806103\" data-tab-title-id=\"e-n-tab-title-1301806103\" class=\"e-n-tab-title\" aria-selected=\"false\" data-tab-index=\"3\" role=\"tab\" tabindex=\"-1\" aria-controls=\"e-n-tab-content-1301806103\" style=\"--n-tabs-title-order: 3;\">\n\t\t\t\t\t\t<span class=\"e-n-tab-title-text\">\n\t\t\t\tEn bref, les plus\t\t\t<\/span>\n\t\t<\/button>\n\t\t\t\t\t<\/div>\n\t\t\t<div class=\"e-n-tabs-content\">\n\t\t\t\t<div id=\"e-n-tab-content-1301806101\" role=\"tabpanel\" aria-labelledby=\"e-n-tab-title-1301806101\" data-tab-index=\"1\" style=\"--n-tabs-title-order: 1;\" class=\"e-active elementor-element elementor-element-776172f e-con-full e-flex e-con e-child\" data-id=\"776172f\" data-element_type=\"container\" data-e-type=\"container\">\n\t\t\t\t<div class=\"elementor-element elementor-element-1a16d97 elementor-widget elementor-widget-text-editor\" data-id=\"1a16d97\" data-element_type=\"widget\" data-e-type=\"widget\" data-widget_type=\"text-editor.default\">\n\t\t\t\t\t\t\t\t\t<p>L\u2019\u00e2me du matelas MELIOR est de la mousse HR35 de 16 cm et de 400g\/m<sup>2<\/sup>\u00a0de ouate polyester. La housse de MELIOR est en tissu 100% polyester. Le matelas MELIOR comporte \u00e9galement des a\u00e9rations lat\u00e9rales afin de bien respirer.<\/p>\t\t\t\t\t\t\t\t<\/div>\n\t\t\t\t<\/div>\n\t\t<div id=\"e-n-tab-content-1301806102\" role=\"tabpanel\" aria-labelledby=\"e-n-tab-title-1301806102\" data-tab-index=\"2\" style=\"--n-tabs-title-order: 2;\" class=\" elementor-element elementor-element-5dfd76a e-con-full e-flex e-con e-child\" data-id=\"5dfd76a\" data-element_type=\"container\" data-e-type=\"container\">\n\t\t\t\t<div class=\"elementor-element elementor-element-edff3d8 elementor-widget elementor-widget-text-editor\" data-id=\"edff3d8\" data-element_type=\"widget\" data-e-type=\"widget\" data-widget_type=\"text-editor.default\">\n\t\t\t\t\t\t\t\t\t<p>Fabriqu\u00e9 en France lui aussi, et nous en sommes fiers \ud83d\ude42<\/p>\t\t\t\t\t\t\t\t<\/div>\n\t\t\t\t<\/div>\n\t\t<div id=\"e-n-tab-content-1301806103\" role=\"tabpanel\" aria-labelledby=\"e-n-tab-title-1301806103\" data-tab-index=\"3\" style=\"--n-tabs-title-order: 3;\" class=\" elementor-element elementor-element-db2de9e e-con-full e-flex e-con e-child\" data-id=\"db2de9e\" data-element_type=\"container\" data-e-type=\"container\">\n\t\t\t\t<div class=\"elementor-element elementor-element-1287e30 elementor-widget elementor-widget-text-editor\" data-id=\"1287e30\" data-element_type=\"widget\" data-e-type=\"widget\" data-widget_type=\"text-editor.default\">\n\t\t\t\t\t\t\t\t\t<ul><li>Confortable<\/li><li>2 dimensions disponibles 140 et 160<\/li><li>Adapt\u00e9 au Juno<\/li><\/ul>\t\t\t\t\t\t\t\t<\/div>\n\t\t\t\t<\/div>\n\t\t\t\t\t<\/div>\n\t\t<\/div>\n\t\t\t\t\t\t<\/div>\n\t\t\t\t\t<\/div>\n\t\t\t\t<\/div>\n\t\t\t\t<\/div>\n\t\t","protected":false},"excerpt":{"rendered":"<p>Profitez d&rsquo;un sommeil r\u00e9parateur gr\u00e2ce au matelas ferme deux places M\u00e9lior. Parfaitement adapt\u00e9 \u00e0 notre lit escamotable Juno, le matelas M\u00e9lior vous offre un soutien ferme et un accueil moelleux gr\u00e2ce \u00e0 sa mousse HR35.<\/p>\n","protected":false},"featured_media":1140,"template":"","meta":{"site-sidebar-layout":"no-sidebar","site-content-layout":"","ast-site-content-layout":"default","site-content-style":"default","site-sidebar-style":"default","ast-global-header-display":"","ast-banner-title-visibility":"","ast-main-header-display":"","ast-hfb-above-header-display":"","ast-hfb-below-header-display":"","ast-hfb-mobile-header-display":"","site-post-title":"","ast-breadcrumbs-content":"","ast-featured-img":"disabled","footer-sml-layout":"","ast-disable-related-posts":"","theme-transparent-header-meta":"default","adv-header-id-meta":"","stick-header-meta":"default","header-above-stick-meta":"","header-main-stick-meta":"","header-below-stick-meta":"","astra-migrate-meta-layouts":"set","ast-page-background-enabled":"default","ast-page-background-meta":{"desktop":{"background-color":"var(--ast-global-color-5)","background-image":"","background-repeat":"repeat","background-position":"center center","background-size":"auto","background-attachment":"scroll","background-type":"","background-media":"","overlay-type":"","overlay-color":"","overlay-opacity":"","overlay-gradient":""},"tablet":{"background-color":"","background-image":"","background-repeat":"repeat","background-position":"center center","background-size":"auto","background-attachment":"scroll","background-type":"","background-media":"","overlay-type":"","overlay-color":"","overlay-opacity":"","overlay-gradient":""},"mobile":{"background-color":"","background-image":"","background-repeat":"repeat","background-position":"center center","background-size":"auto","background-attachment":"scroll","background-type":"","background-media":"","overlay-type":"","overlay-color":"","overlay-opacity":"","overlay-gradient":""}},"ast-content-background-meta":{"desktop":{"background-color":"var(--ast-global-color-4)","background-image":"","background-repeat":"repeat","background-position":"center center","background-size":"auto","background-attachment":"scroll","background-type":"","background-media":"","overlay-type":"","overlay-color":"","overlay-opacity":"","overlay-gradient":""},"tablet":{"background-color":"var(--ast-global-color-4)","background-image":"","background-repeat":"repeat","background-position":"center center","background-size":"auto","background-attachment":"scroll","background-type":"","background-media":"","overlay-type":"","overlay-color":"","overlay-opacity":"","overlay-gradient":""},"mobile":{"background-color":"var(--ast-global-color-4)","background-image":"","background-repeat":"repeat","background-position":"center center","background-size":"auto","background-attachment":"scroll","background-type":"","background-media":"","overlay-type":"","overlay-color":"","overlay-opacity":"","overlay-gradient":""}}},"product_brand":[],"product_cat":[24],"product_tag":[],"class_list":{"0":"post-1137","1":"product","2":"type-product","3":"status-publish","4":"has-post-thumbnail","6":"product_cat-nos-complements","7":"desktop-align-left","8":"tablet-align-left","9":"mobile-align-left","11":"first","12":"instock","13":"taxable","14":"shipping-taxable","15":"purchasable","16":"product-type-variable"},"yoast_head":"<!-- This site is optimized with the Yoast SEO plugin v27.3 - https:\/\/yoast.com\/product\/yoast-seo-wordpress\/ -->\n<title>Matelas ferme deux places pour lit escamotable - Mafael<\/title>\n<meta name=\"description\" content=\"D\u00e9couvrez Melior, le matelas ferme deux places parfaitement adapt\u00e9 pour le lit escamotable Juno. Profitez d&#039;un sommeil r\u00e9parateur avec Melior.\" \/>\n<meta name=\"robots\" content=\"index, follow, max-snippet:-1, max-image-preview:large, max-video-preview:-1\" \/>\n<link rel=\"canonical\" href=\"https:\/\/mafael.com\/index.php\/produit\/matelas-pour-lit-escamotable\/\" \/>\n<meta property=\"og:locale\" content=\"fr_FR\" \/>\n<meta property=\"og:type\" content=\"article\" \/>\n<meta property=\"og:title\" content=\"Matelas ferme deux places pour lit escamotable - Mafael\" \/>\n<meta property=\"og:description\" content=\"D\u00e9couvrez Melior, le matelas ferme deux places parfaitement adapt\u00e9 pour le lit escamotable Juno. Profitez d&#039;un sommeil r\u00e9parateur avec Melior.\" \/>\n<meta property=\"og:url\" content=\"https:\/\/mafael.com\/index.php\/produit\/matelas-pour-lit-escamotable\/\" \/>\n<meta property=\"og:site_name\" content=\"Mafael\" \/>\n<meta property=\"article:modified_time\" content=\"2026-02-23T10:58:16+00:00\" \/>\n<meta property=\"og:image\" content=\"https:\/\/mafael.com\/wp-content\/uploads\/2025\/11\/melior-1.jpg\" \/>\n\t<meta property=\"og:image:width\" content=\"1172\" \/>\n\t<meta property=\"og:image:height\" content=\"607\" \/>\n\t<meta property=\"og:image:type\" content=\"image\/jpeg\" \/>\n<meta name=\"twitter:card\" content=\"summary_large_image\" \/>\n<meta name=\"twitter:label1\" content=\"Dur\u00e9e de lecture estim\u00e9e\" \/>\n\t<meta name=\"twitter:data1\" content=\"2 minutes\" \/>\n<script type=\"application\/ld+json\" class=\"yoast-schema-graph\">{\"@context\":\"https:\\\/\\\/schema.org\",\"@graph\":[{\"@type\":\"WebPage\",\"@id\":\"https:\\\/\\\/mafael.com\\\/index.php\\\/produit\\\/matelas-pour-lit-escamotable\\\/\",\"url\":\"https:\\\/\\\/mafael.com\\\/index.php\\\/produit\\\/matelas-pour-lit-escamotable\\\/\",\"name\":\"Matelas ferme deux places pour lit escamotable - Mafael\",\"isPartOf\":{\"@id\":\"https:\\\/\\\/mafael.com\\\/#website\"},\"primaryImageOfPage\":{\"@id\":\"https:\\\/\\\/mafael.com\\\/index.php\\\/produit\\\/matelas-pour-lit-escamotable\\\/#primaryimage\"},\"image\":{\"@id\":\"https:\\\/\\\/mafael.com\\\/index.php\\\/produit\\\/matelas-pour-lit-escamotable\\\/#primaryimage\"},\"thumbnailUrl\":\"https:\\\/\\\/mafael.com\\\/wp-content\\\/uploads\\\/2025\\\/11\\\/melior-1.jpg\",\"datePublished\":\"2025-11-24T17:00:12+00:00\",\"dateModified\":\"2026-02-23T10:58:16+00:00\",\"description\":\"D\u00e9couvrez Melior, le matelas ferme deux places parfaitement adapt\u00e9 pour le lit escamotable Juno. Profitez d'un sommeil r\u00e9parateur avec Melior.\",\"breadcrumb\":{\"@id\":\"https:\\\/\\\/mafael.com\\\/index.php\\\/produit\\\/matelas-pour-lit-escamotable\\\/#breadcrumb\"},\"inLanguage\":\"fr-FR\",\"potentialAction\":[{\"@type\":\"ReadAction\",\"target\":[\"https:\\\/\\\/mafael.com\\\/index.php\\\/produit\\\/matelas-pour-lit-escamotable\\\/\"]}]},{\"@type\":\"ImageObject\",\"inLanguage\":\"fr-FR\",\"@id\":\"https:\\\/\\\/mafael.com\\\/index.php\\\/produit\\\/matelas-pour-lit-escamotable\\\/#primaryimage\",\"url\":\"https:\\\/\\\/mafael.com\\\/wp-content\\\/uploads\\\/2025\\\/11\\\/melior-1.jpg\",\"contentUrl\":\"https:\\\/\\\/mafael.com\\\/wp-content\\\/uploads\\\/2025\\\/11\\\/melior-1.jpg\",\"width\":1172,\"height\":607,\"caption\":\"Matelas ferme deux places M\u00e9lior en vue zoom\u00e9e\"},{\"@type\":\"BreadcrumbList\",\"@id\":\"https:\\\/\\\/mafael.com\\\/index.php\\\/produit\\\/matelas-pour-lit-escamotable\\\/#breadcrumb\",\"itemListElement\":[{\"@type\":\"ListItem\",\"position\":1,\"name\":\"Accueil\",\"item\":\"https:\\\/\\\/mafael.com\\\/\"},{\"@type\":\"ListItem\",\"position\":2,\"name\":\"Notre boutique\",\"item\":\"https:\\\/\\\/mafael.com\\\/index.php\\\/boutique\\\/\"},{\"@type\":\"ListItem\",\"position\":3,\"name\":\"Matelas pour lit escamotable\"}]},{\"@type\":\"WebSite\",\"@id\":\"https:\\\/\\\/mafael.com\\\/#website\",\"url\":\"https:\\\/\\\/mafael.com\\\/\",\"name\":\"Mafael\",\"description\":\"Petits espaces, grandes id\u00e9es\",\"publisher\":{\"@id\":\"https:\\\/\\\/mafael.com\\\/#organization\"},\"potentialAction\":[{\"@type\":\"SearchAction\",\"target\":{\"@type\":\"EntryPoint\",\"urlTemplate\":\"https:\\\/\\\/mafael.com\\\/?s={search_term_string}\"},\"query-input\":{\"@type\":\"PropertyValueSpecification\",\"valueRequired\":true,\"valueName\":\"search_term_string\"}}],\"inLanguage\":\"fr-FR\"},{\"@type\":\"Organization\",\"@id\":\"https:\\\/\\\/mafael.com\\\/#organization\",\"name\":\"Mafael\",\"url\":\"https:\\\/\\\/mafael.com\\\/\",\"logo\":{\"@type\":\"ImageObject\",\"inLanguage\":\"fr-FR\",\"@id\":\"https:\\\/\\\/mafael.com\\\/#\\\/schema\\\/logo\\\/image\\\/\",\"url\":\"https:\\\/\\\/mafael.com\\\/wp-content\\\/uploads\\\/2025\\\/10\\\/cropped-MAFAEL_logotype_rvb-scaled-1.webp\",\"contentUrl\":\"https:\\\/\\\/mafael.com\\\/wp-content\\\/uploads\\\/2025\\\/10\\\/cropped-MAFAEL_logotype_rvb-scaled-1.webp\",\"width\":2559,\"height\":853,\"caption\":\"Mafael\"},\"image\":{\"@id\":\"https:\\\/\\\/mafael.com\\\/#\\\/schema\\\/logo\\\/image\\\/\"}}]}<\/script>\n<!-- \/ Yoast SEO plugin. -->","yoast_head_json":{"title":"Matelas ferme deux places pour lit escamotable - Mafael","description":"D\u00e9couvrez Melior, le matelas ferme deux places parfaitement adapt\u00e9 pour le lit escamotable Juno. Profitez d'un sommeil r\u00e9parateur avec Melior.","robots":{"index":"index","follow":"follow","max-snippet":"max-snippet:-1","max-image-preview":"max-image-preview:large","max-video-preview":"max-video-preview:-1"},"canonical":"https:\/\/mafael.com\/index.php\/produit\/matelas-pour-lit-escamotable\/","og_locale":"fr_FR","og_type":"article","og_title":"Matelas ferme deux places pour lit escamotable - Mafael","og_description":"D\u00e9couvrez Melior, le matelas ferme deux places parfaitement adapt\u00e9 pour le lit escamotable Juno. Profitez d'un sommeil r\u00e9parateur avec Melior.","og_url":"https:\/\/mafael.com\/index.php\/produit\/matelas-pour-lit-escamotable\/","og_site_name":"Mafael","article_modified_time":"2026-02-23T10:58:16+00:00","og_image":[{"width":1172,"height":607,"url":"https:\/\/mafael.com\/wp-content\/uploads\/2025\/11\/melior-1.jpg","type":"image\/jpeg"}],"twitter_card":"summary_large_image","twitter_misc":{"Dur\u00e9e de lecture estim\u00e9e":"2 minutes"},"schema":{"@context":"https:\/\/schema.org","@graph":[{"@type":"WebPage","@id":"https:\/\/mafael.com\/index.php\/produit\/matelas-pour-lit-escamotable\/","url":"https:\/\/mafael.com\/index.php\/produit\/matelas-pour-lit-escamotable\/","name":"Matelas ferme deux places pour lit escamotable - Mafael","isPartOf":{"@id":"https:\/\/mafael.com\/#website"},"primaryImageOfPage":{"@id":"https:\/\/mafael.com\/index.php\/produit\/matelas-pour-lit-escamotable\/#primaryimage"},"image":{"@id":"https:\/\/mafael.com\/index.php\/produit\/matelas-pour-lit-escamotable\/#primaryimage"},"thumbnailUrl":"https:\/\/mafael.com\/wp-content\/uploads\/2025\/11\/melior-1.jpg","datePublished":"2025-11-24T17:00:12+00:00","dateModified":"2026-02-23T10:58:16+00:00","description":"D\u00e9couvrez Melior, le matelas ferme deux places parfaitement adapt\u00e9 pour le lit escamotable Juno. Profitez d'un sommeil r\u00e9parateur avec Melior.","breadcrumb":{"@id":"https:\/\/mafael.com\/index.php\/produit\/matelas-pour-lit-escamotable\/#breadcrumb"},"inLanguage":"fr-FR","potentialAction":[{"@type":"ReadAction","target":["https:\/\/mafael.com\/index.php\/produit\/matelas-pour-lit-escamotable\/"]}]},{"@type":"ImageObject","inLanguage":"fr-FR","@id":"https:\/\/mafael.com\/index.php\/produit\/matelas-pour-lit-escamotable\/#primaryimage","url":"https:\/\/mafael.com\/wp-content\/uploads\/2025\/11\/melior-1.jpg","contentUrl":"https:\/\/mafael.com\/wp-content\/uploads\/2025\/11\/melior-1.jpg","width":1172,"height":607,"caption":"Matelas ferme deux places M\u00e9lior en vue zoom\u00e9e"},{"@type":"BreadcrumbList","@id":"https:\/\/mafael.com\/index.php\/produit\/matelas-pour-lit-escamotable\/#breadcrumb","itemListElement":[{"@type":"ListItem","position":1,"name":"Accueil","item":"https:\/\/mafael.com\/"},{"@type":"ListItem","position":2,"name":"Notre boutique","item":"https:\/\/mafael.com\/index.php\/boutique\/"},{"@type":"ListItem","position":3,"name":"Matelas pour lit escamotable"}]},{"@type":"WebSite","@id":"https:\/\/mafael.com\/#website","url":"https:\/\/mafael.com\/","name":"Mafael","description":"Petits espaces, grandes id\u00e9es","publisher":{"@id":"https:\/\/mafael.com\/#organization"},"potentialAction":[{"@type":"SearchAction","target":{"@type":"EntryPoint","urlTemplate":"https:\/\/mafael.com\/?s={search_term_string}"},"query-input":{"@type":"PropertyValueSpecification","valueRequired":true,"valueName":"search_term_string"}}],"inLanguage":"fr-FR"},{"@type":"Organization","@id":"https:\/\/mafael.com\/#organization","name":"Mafael","url":"https:\/\/mafael.com\/","logo":{"@type":"ImageObject","inLanguage":"fr-FR","@id":"https:\/\/mafael.com\/#\/schema\/logo\/image\/","url":"https:\/\/mafael.com\/wp-content\/uploads\/2025\/10\/cropped-MAFAEL_logotype_rvb-scaled-1.webp","contentUrl":"https:\/\/mafael.com\/wp-content\/uploads\/2025\/10\/cropped-MAFAEL_logotype_rvb-scaled-1.webp","width":2559,"height":853,"caption":"Mafael"},"image":{"@id":"https:\/\/mafael.com\/#\/schema\/logo\/image\/"}}]}},"_links":{"self":[{"href":"https:\/\/mafael.com\/index.php\/wp-json\/wp\/v2\/product\/1137","targetHints":{"allow":["GET"]}}],"collection":[{"href":"https:\/\/mafael.com\/index.php\/wp-json\/wp\/v2\/product"}],"about":[{"href":"https:\/\/mafael.com\/index.php\/wp-json\/wp\/v2\/types\/product"}],"version-history":[{"count":0,"href":"https:\/\/mafael.com\/index.php\/wp-json\/wp\/v2\/product\/1137\/revisions"}],"wp:featuredmedia":[{"embeddable":true,"href":"https:\/\/mafael.com\/index.php\/wp-json\/wp\/v2\/media\/1140"}],"wp:attachment":[{"href":"https:\/\/mafael.com\/index.php\/wp-json\/wp\/v2\/media?parent=1137"}],"wp:term":[{"taxonomy":"product_brand","embeddable":true,"href":"https:\/\/mafael.com\/index.php\/wp-json\/wp\/v2\/product_brand?post=1137"},{"taxonomy":"product_cat","embeddable":true,"href":"https:\/\/mafael.com\/index.php\/wp-json\/wp\/v2\/product_cat?post=1137"},{"taxonomy":"product_tag","embeddable":true,"href":"https:\/\/mafael.com\/index.php\/wp-json\/wp\/v2\/product_tag?post=1137"}],"curies":[{"name":"wp","href":"https:\/\/api.w.org\/{rel}","templated":true}]}}